{"id":845,"date":"2023-08-16T10:31:57","date_gmt":"2023-08-16T08:31:57","guid":{"rendered":"https:\/\/casawillems.com\/condiciones-generales\/"},"modified":"2023-12-12T15:10:39","modified_gmt":"2023-12-12T14:10:39","slug":"condiciones-generales","status":"publish","type":"page","link":"https:\/\/casawillems.com\/es\/condiciones-generales\/","title":{"rendered":"Condiciones generales"},"content":{"rendered":"\t\t<div data-elementor-type=\"wp-page\" data-elementor-id=\"845\" class=\"elementor elementor-845 elementor-22\" data-elementor-post-type=\"page\">\n\t\t\t\t\t\t<section class=\"elementor-section elementor-top-section elementor-element elementor-element-c2da488 elementor-section-height-min-height elementor-section-items-bottom elementor-section-boxed elementor-section-height-default\" data-id=\"c2da488\" data-element_type=\"section\" data-settings=\"{&quot;background_background&quot;:&quot;classic&quot;}\">\n\t\t\t\t\t\t\t<div class=\"elementor-background-overlay\"><\/div>\n\t\t\t\t\t\t\t<div class=\"elementor-container elementor-column-gap-default\">\n\t\t\t\t\t<div class=\"elementor-column elementor-col-100 elementor-top-column elementor-element elementor-element-63e34a2\" data-id=\"63e34a2\" data-element_type=\"column\">\n\t\t\t<div class=\"elementor-widget-wrap elementor-element-populated\">\n\t\t\t\t\t\t<div class=\"elementor-element elementor-element-25e7f10 elementor-widget elementor-widget-heading\" data-id=\"25e7f10\" data-element_type=\"widget\" data-widget_type=\"heading.default\">\n\t\t\t\t<div class=\"elementor-widget-container\">\n\t\t\t\t\t<h1 class=\"elementor-heading-title elementor-size-default\">Condiciones generales<\/h1>\t\t\t\t<\/div>\n\t\t\t\t<\/div>\n\t\t\t\t\t<\/div>\n\t\t<\/div>\n\t\t\t\t\t<\/div>\n\t\t<\/section>\n\t\t\t\t<section class=\"elementor-section elementor-top-section elementor-element elementor-element-13662de elementor-section-boxed elementor-section-height-default elementor-section-height-default\" data-id=\"13662de\" data-element_type=\"section\">\n\t\t\t\t\t\t<div class=\"elementor-container elementor-column-gap-default\">\n\t\t\t\t\t<div class=\"elementor-column elementor-col-100 elementor-top-column elementor-element elementor-element-866452a\" data-id=\"866452a\" data-element_type=\"column\">\n\t\t\t<div class=\"elementor-widget-wrap elementor-element-populated\">\n\t\t\t\t\t\t<div class=\"elementor-element elementor-element-d1fcbe8 elementor-widget elementor-widget-shortcode\" data-id=\"d1fcbe8\" data-element_type=\"widget\" data-widget_type=\"shortcode.default\">\n\t\t\t\t<div class=\"elementor-widget-container\">\n\t\t\t\t\t\t\t<div class=\"elementor-shortcode\"><nav aria-label=\"breadcrumbs\" class=\"rank-math-breadcrumb\"><p><span class=\"last\">Home<\/span><\/p><\/nav><\/div>\n\t\t\t\t\t\t<\/div>\n\t\t\t\t<\/div>\n\t\t\t\t\t<\/div>\n\t\t<\/div>\n\t\t\t\t\t<\/div>\n\t\t<\/section>\n\t\t\t\t<section class=\"elementor-section elementor-top-section elementor-element elementor-element-154ec94 elementor-section-boxed elementor-section-height-default elementor-section-height-default\" data-id=\"154ec94\" data-element_type=\"section\">\n\t\t\t\t\t\t<div class=\"elementor-container elementor-column-gap-default\">\n\t\t\t\t\t<div class=\"elementor-column elementor-col-100 elementor-top-column elementor-element elementor-element-1543d0c\" data-id=\"1543d0c\" data-element_type=\"column\">\n\t\t\t<div class=\"elementor-widget-wrap elementor-element-populated\">\n\t\t\t\t\t\t<div class=\"elementor-element elementor-element-9ccb8d3 elementor-widget elementor-widget-heading\" data-id=\"9ccb8d3\" data-element_type=\"widget\" data-widget_type=\"heading.default\">\n\t\t\t\t<div class=\"elementor-widget-container\">\n\t\t\t\t\t<h2 class=\"elementor-heading-title elementor-size-default\">Condiciones generales<\/h2>\t\t\t\t<\/div>\n\t\t\t\t<\/div>\n\t\t\t\t<div class=\"elementor-element elementor-element-79c1cbe elementor-widget elementor-widget-text-editor\" data-id=\"79c1cbe\" data-element_type=\"widget\" data-widget_type=\"text-editor.default\">\n\t\t\t\t<div class=\"elementor-widget-container\">\n\t\t\t\t\t\t\t\t\t<p>Le recomendamos que lea atentamente estas condiciones generales. <br \/>Si reserva, declara simult\u00e1neamente que est\u00e1 de acuerdo con el contenido de estos t\u00e9rminos y condiciones.<\/p>\n<p><strong>1. Reserva<\/strong><br \/>Puede comprobar a trav\u00e9s de la p\u00e1gina web de Casa Willems si el periodo sigue disponible. A trav\u00e9s de nuestro formulario de contacto o por correo electr\u00f3nico podr\u00e1 solicitar el alquiler por un periodo determinado. <br \/>A continuaci\u00f3n, tendr\u00e1 que facilitarnos los datos a trav\u00e9s de un formulario de reserva. <br \/>La reserva definitiva se hace siempre rellenando el formulario de reserva. Despu\u00e9s de recibir el formulario de reserva, le confirmaremos la reserva. <br \/>Con esta confirmaci\u00f3n tambi\u00e9n recibir\u00e1 una pregunta con la forma de pago y m\u00e1s informaci\u00f3n relevante. Si no ha recibido un mensaje nuestro en el plazo de 5 d\u00edas, p\u00f3ngase en contacto con Casa Willems por correo o tel\u00e9fono. <br \/>El periodo m\u00ednimo de alquiler en temporada alta (del 1 de julio al 15 de septiembre) es de 7 noches.<\/p>\n<p><strong>2. Opci\u00f3n derecha<\/strong><br \/>Usted puede tomar una opci\u00f3n en la casa de su elecci\u00f3n. Puede hacerlo a trav\u00e9s del sitio web, por tel\u00e9fono o por correo electr\u00f3nico. Puede tomar una opci\u00f3n por un m\u00e1ximo de 2 d\u00edas. Si no convierte la opci\u00f3n en una reserva en esos dos d\u00edas, la opci\u00f3n caduca.<\/p>\n<p><strong>3. Gastos de reserva<\/strong><\/p>\n<p>Los precios de los inmuebles incluyen los gastos de reserva.<\/p>\n<p><strong>4. Precios<\/strong><\/p>\n<p>Los precios que figuran en nuestro sitio web son los actuales. Salvo errores y aumentos de precio, los importes deben corresponder a los mencionados en la confirmaci\u00f3n. Por favor, compruebe la confirmaci\u00f3n cuidadosamente.<\/p>\n<p><strong>5. Pago<\/strong><\/p>\n<p>En la confirmaci\u00f3n se indica que se requiere un dep\u00f3sito del 20% del importe total. <br \/>Este dep\u00f3sito deber\u00e1 abonarse en un plazo de 14 d\u00edas a partir de la fecha de confirmaci\u00f3n. <br \/>El resto deber\u00e1 estar en nuestro poder a m\u00e1s tardar 6 semanas antes del inicio de la estancia. <br \/>Para las reservas efectuadas dentro de las 6 semanas anteriores al inicio de la estancia, deber\u00e1 abonarse el importe total de una sola vez. <br \/>Tenemos derecho a cancelar la reserva en caso de pago tard\u00edo o incompleto. <br \/>Las cantidades abonadas hasta ese momento no ser\u00e1n reembolsadas.<\/p>\n<p><strong>6. Cancelaci\u00f3n<\/strong><\/p>\n<p>Las cancelaciones deben comunicarse por correo electr\u00f3nico. <br \/>Inmediatamente despu\u00e9s de recibir la cancelaci\u00f3n por escrito, le enviaremos una confirmaci\u00f3n de su cancelaci\u00f3n.<\/p>\n<p>Las siguientes condiciones se aplican a las cancelaciones:<br \/>&#8211; En caso de cancelaci\u00f3n desde el d\u00eda de la reserva hasta 42 d\u00edas antes del d\u00eda de llegada, deber\u00e1 abonar el 20% del importe de la factura.<br \/>&#8211; Si se cancela a partir del d\u00eda 42 y hasta el d\u00eda de llegada, se deber\u00e1 abonar el importe total de la factura.<\/p>\n<p>Si nos vemos obligados a cancelar nuestro piso, debido a cualquier circunstancia, el inquilino ser\u00e1 notificado inmediatamente, y le devolveremos inmediatamente la cantidad ya pagada por el inquilino. El inquilino no tendr\u00e1 m\u00e1s ni otro derecho que el de reclamar esta cantidad.<\/p>\n<p>Le recomendamos encarecidamente que viaje bien asegurado. Un buen seguro de viaje, equipaje, accidentes y salud le proteger\u00e1 de las consecuencias econ\u00f3micas de accidentes o enfermedades. <br \/>Obtenga informaci\u00f3n adecuada al respecto de su agente de seguros.<\/p>\n<p><strong>7. Cambios por parte del inquilino<\/strong><\/p>\n<p>Si desea modificar una reserva ya efectuada, deber\u00e1 informarnos inmediatamente. Le confirmaremos este cambio (es decir, el cambio del per\u00edodo de alquiler) por escrito, si a\u00fan es posible. Los costes asociados son siempre de 30 euros. Los cambios en el periodo de alquiler se consideran traslados.<\/p>\n<p><strong>8. Exceso de reservas por parte del arrendatario<\/strong><\/p>\n<p>Es posible cambiar el periodo de alquiler hasta 6 semanas antes del comienzo del mismo.<br \/>La modificaci\u00f3n del per\u00edodo de alquiler s\u00f3lo es posible dentro de los 2 meses naturales siguientes al per\u00edodo de alquiler reservado y s\u00f3lo si hay disponibilidad. Si desea cambiar la reserva m\u00e1s tarde del periodo mencionado de 6 semanas antes del comienzo del periodo de alquiler o a un periodo situado fuera de los 2 meses naturales del periodo de alquiler ya reservado, esto se considerar\u00e1 como una cancelaci\u00f3n y una nueva reserva y las condiciones de cancelaci\u00f3n permanecer\u00e1n en pleno vigor (v\u00e9ase el punto 6). Los costes por cambiar el periodo de alquiler son de 75 euros, que se a\u00f1adir\u00e1n al precio del alquiler.<\/p>\n<p><strong>9. Mascotas<\/strong><\/p>\n<p>No se admiten mascotas.<\/p>\n<p><strong>10. Cuidado de la casa y alrededores<\/strong><\/p>\n<p>Nuestro piso de alquiler debe ser ocupado con el debido cuidado y diligencia, respetando la tranquilidad del entorno. Si el inquilino no se comporta como un buen inquilino o causa graves molestias o inconvenientes a su entorno, se le podr\u00e1 denegar el acceso ulterior a la vivienda de vacaciones sin que pueda reclamar el reembolso del alquiler.<br \/>En caso de que el inquilino cause da\u00f1os inesperados en la casa de vacaciones alquilada y\/o en el inventario, deber\u00e1 comunicarlo inmediatamente a Casa Willems. <br \/>Los gastos de reparaci\u00f3n y\/o sustituci\u00f3n asociados se reembolsar\u00e1n inmediatamente. El inquilino ser\u00e1 responsable de cualquier da\u00f1o causado por \u00e9l mismo o por otros inquilinos y posibles visitantes, incluso si se descubre despu\u00e9s de la salida.<\/p>\n<p><strong>11. Agua, gas y electricidad<\/strong><\/p>\n<p>Los precios que figuran en nuestro sitio web no incluyen agua, electricidad ni gas, a menos que se indique lo contrario. Cuando se utilice el aire acondicionado y\/o la calefacci\u00f3n el\u00e9ctrica, el inquilino debe hacer un uso moderado de la energ\u00eda, es decir, utilizarlos s\u00f3lo cuando las puertas y ventanas est\u00e9n cerradas.<\/p>\n<p><strong>12. N\u00famero m\u00e1ximo de personas<\/strong><\/p>\n<p>En nuestro piso Casa Willems hay una ocupaci\u00f3n m\u00e1xima de 4 personas. <br \/>As\u00ed que este es el n\u00famero m\u00e1ximo de personas que se permite permanecer en el apartamento. Este n\u00famero no puede superarse en ning\u00fan caso, a menos que cuente con nuestra autorizaci\u00f3n por escrito, previa consulta. Si se supera, se puede denegar al inquilino el acceso al piso sin reclamar la devoluci\u00f3n del alquiler.<\/p>\n<p><strong>13. Llegada y salida<\/strong><\/p>\n<p>Puede entrar en Casa Willems entre las 15.00 y las 19.00 horas y deber\u00e1 dejar el apartamento el d\u00eda de salida a las 10.00 horas como muy tarde. <br \/>Otros horarios s\u00f3lo pueden aceptarse previa consulta con Casa Willems. <br \/>Otras fechas de entrada y salida se pueden discutir si es posible con un recargo (calculado sobre el per\u00edodo). <br \/>Durante tu estancia, deber\u00e1s mantener el apartamento limpio y hacer tu propia colada. El alojamiento alquilado debe dejarse siempre \u00ablimpio como una escoba\u00bb al final de su estancia. La vajilla y los accesorios tambi\u00e9n deben devolverse limpios al armario y s\u00f3lo deben dejarse sucias las \u00faltimas prendas. Si se deja m\u00e1s ropa, el lavado extra se deducir\u00e1 de la fianza. <\/p>\n<p><strong>14. Otros gastos<\/strong><\/p>\n<p>Hay que pagar una limpieza final obligatoria. Su precio es de 105 euros. <br \/>Tambi\u00e9n deber\u00e1 abonarse un dep\u00f3sito de 300,00 EUR. Se reembolsar\u00e1 por banco en el plazo de 1 mes tras la salida, despu\u00e9s de la inspecci\u00f3n por parte del gestor, tras deducir cualquier da\u00f1o, consumo de electricidad u otros gastos, y despu\u00e9s de que el inquilino haya rellenado el formulario de evaluaci\u00f3n.<\/p>\n<p><strong>15. Responsabilidad<\/strong><\/p>\n<p>Responsabilidad en el momento de la reserva:<br \/>La persona que reserva un viaje, tambi\u00e9n en nombre de otros participantes, es responsable solidaria de todos los dem\u00e1s que inscriba. El subarriendo o realquiler del alojamiento no est\u00e1 permitido bajo ninguna circunstancia.<br \/>Los inquilinos utilizan el alojamiento y todos los accesorios bajo su propia responsabilidad. En ning\u00fan caso el propietario\/arrendador podr\u00e1 ser considerado responsable de las molestias y\/u otras consecuencias derivadas del uso del alojamiento.<br \/>Trabajos de construcci\u00f3n<br \/>Muchos destinos vacacionales est\u00e1n en continuo desarrollo. No obstante, el proveedor del alojamiento minimizar\u00e1 las molestias. Las obras tambi\u00e9n pueden tener lugar fuera de su complejo, como obras en las instalaciones locales o la construcci\u00f3n de un nuevo edificio.<br \/>Como organizaci\u00f3n de alquiler, no tenemos ninguna influencia en estas obras y no aceptamos responsabilidad alguna por ellas.<br \/>Contaminaci\u00f3n ac\u00fastica<br \/>Las normas sobre contaminaci\u00f3n ac\u00fastica son m\u00e1s tolerantes que en B\u00e9lgica. El proveedor del alojamiento tiene una influencia muy limitada sobre el comportamiento ruidoso de los dem\u00e1s turistas.<br \/>Normas y valores<br \/>Unas vacaciones en el extranjero significan gente y costumbres diferentes, una cultura diferente, un clima diferente, una comida diferente, diferente a la de casa. Este es uno de los atractivos de las vacaciones, pero tambi\u00e9n es un aspecto a tener en cuenta. Los usos y costumbres locales a veces no son comunes en B\u00e9lgica, pero no por ello son menos valiosos.<br \/>Plagas<br \/>En muchos destinos vacacionales de clima c\u00e1lido, estos visitantes indeseados son habituales. Esto no siempre puede descartarse al 100%. Si los detecta, den\u00fancielos lo antes posible. A menudo se utilizan insecticidas para controlar las plagas. No obstante, limitaremos su uso en la medida de lo posible, ya que son perjudiciales para las personas y el medio ambiente.<br \/>Suministros de agua y electricidad<br \/>El agua escasea en muchos de nuestros destinos. Por lo tanto, es posible que no tenga agua durante ciertas partes del d\u00eda. La organizaci\u00f3n de alquiler no se hace responsable de las consecuencias de este hecho.<br \/>Casa Willems no se hace responsable de:<br \/>&#8211; Robo, p\u00e9rdida o da\u00f1os, de cualquier naturaleza, durante o como consecuencia de la estancia en su apartamento de vacaciones alquilado.<br \/>&#8211; Aver\u00eda o inutilizaci\u00f3n de equipos t\u00e9cnicos y cortes de electricidad y\/o agua.<br \/>El uso de la propiedad alquilada por parte del inquilino corre por su cuenta y riesgo.<\/p>\n<p><strong>16. Quejas<\/strong><\/p>\n<p>Hacemos todo lo posible por cuidar las vacaciones de nuestros hu\u00e9spedes hasta el \u00faltimo detalle. Sin embargo, inesperadamente puede surgir alg\u00fan contratiempo en la aplicaci\u00f3n. Para una correcta ejecuci\u00f3n, seguimos dependiendo en parte de nuestros terceros.<br \/>En caso de que el inquilino tenga quejas inesperadas durante su estancia, deber\u00e1 comunicarlas a Casa Willems sin demora. A continuaci\u00f3n, intentaremos resolver las reclamaciones lo antes y mejor posible. En caso de que esto no se resuelva a satisfacci\u00f3n de ambas partes, las quejas deber\u00e1n confirmarse y explicarse por escrito lo antes posible, pero a m\u00e1s tardar dentro de los 14 d\u00edas siguientes a la finalizaci\u00f3n del per\u00edodo de alquiler.<\/p>\n\t\t\t\t\t\t\t\t<\/div>\n\t\t\t\t<\/div>\n\t\t\t\t\t<\/div>\n\t\t<\/div>\n\t\t\t\t\t<\/div>\n\t\t<\/section>\n\t\t\t\t<\/div>\n\t\t","protected":false},"excerpt":{"rendered":"<p>Condiciones generales Condiciones generales Le recomendamos que lea atentamente estas condiciones generales. Si reserva, declara simult\u00e1neamente que est\u00e1 de acuerdo con el contenido de estos t\u00e9rminos y condiciones. 1. ReservaPuede comprobar a trav\u00e9s de la p\u00e1gina web de Casa Willems si el periodo sigue disponible. A trav\u00e9s de nuestro formulario de contacto o por correo [&hellip;]<\/p>\n","protected":false},"author":2,"featured_media":0,"parent":0,"menu_order":0,"comment_status":"closed","ping_status":"closed","template":"","meta":{"footnotes":""},"class_list":["post-845","page","type-page","status-publish","hentry"],"_links":{"self":[{"href":"https:\/\/casawillems.com\/es\/wp-json\/wp\/v2\/pages\/845","targetHints":{"allow":["GET"]}}],"collection":[{"href":"https:\/\/casawillems.com\/es\/wp-json\/wp\/v2\/pages"}],"about":[{"href":"https:\/\/casawillems.com\/es\/wp-json\/wp\/v2\/types\/page"}],"author":[{"embeddable":true,"href":"https:\/\/casawillems.com\/es\/wp-json\/wp\/v2\/users\/2"}],"replies":[{"embeddable":true,"href":"https:\/\/casawillems.com\/es\/wp-json\/wp\/v2\/comments?post=845"}],"version-history":[{"count":0,"href":"https:\/\/casawillems.com\/es\/wp-json\/wp\/v2\/pages\/845\/revisions"}],"wp:attachment":[{"href":"https:\/\/casawillems.com\/es\/wp-json\/wp\/v2\/media?parent=845"}],"curies":[{"name":"wp","href":"https:\/\/api.w.org\/{rel}","templated":true}]}}