{"id":843,"date":"2023-08-09T11:58:51","date_gmt":"2023-08-09T09:58:51","guid":{"rendered":"https:\/\/casawillems.com\/politica-de-privacidad\/"},"modified":"2023-12-12T15:18:01","modified_gmt":"2023-12-12T14:18:01","slug":"politica-de-privacidad","status":"publish","type":"page","link":"https:\/\/casawillems.com\/es\/politica-de-privacidad\/","title":{"rendered":"Pol\u00edtica de privacidad"},"content":{"rendered":"\t\t<div data-elementor-type=\"wp-page\" data-elementor-id=\"843\" class=\"elementor elementor-843 elementor-3\" data-elementor-post-type=\"page\">\n\t\t\t\t\t\t<section class=\"elementor-section elementor-top-section elementor-element elementor-element-4771356 elementor-section-height-min-height elementor-section-items-bottom elementor-section-boxed elementor-section-height-default\" data-id=\"4771356\" data-element_type=\"section\" data-settings=\"{&quot;background_background&quot;:&quot;classic&quot;}\">\n\t\t\t\t\t\t\t<div class=\"elementor-background-overlay\"><\/div>\n\t\t\t\t\t\t\t<div class=\"elementor-container elementor-column-gap-default\">\n\t\t\t\t\t<div class=\"elementor-column elementor-col-100 elementor-top-column elementor-element elementor-element-87abcea\" data-id=\"87abcea\" data-element_type=\"column\">\n\t\t\t<div class=\"elementor-widget-wrap elementor-element-populated\">\n\t\t\t\t\t\t<div class=\"elementor-element elementor-element-5246f52 elementor-widget elementor-widget-heading\" data-id=\"5246f52\" data-element_type=\"widget\" data-widget_type=\"heading.default\">\n\t\t\t\t<div class=\"elementor-widget-container\">\n\t\t\t\t\t<h1 class=\"elementor-heading-title elementor-size-default\">Pol\u00edtica de privacidad<\/h1>\t\t\t\t<\/div>\n\t\t\t\t<\/div>\n\t\t\t\t\t<\/div>\n\t\t<\/div>\n\t\t\t\t\t<\/div>\n\t\t<\/section>\n\t\t\t\t<section class=\"elementor-section elementor-top-section elementor-element elementor-element-f4f26e9 elementor-section-boxed elementor-section-height-default elementor-section-height-default\" data-id=\"f4f26e9\" data-element_type=\"section\">\n\t\t\t\t\t\t<div class=\"elementor-container elementor-column-gap-default\">\n\t\t\t\t\t<div class=\"elementor-column elementor-col-100 elementor-top-column elementor-element elementor-element-80cdd73\" data-id=\"80cdd73\" data-element_type=\"column\">\n\t\t\t<div class=\"elementor-widget-wrap elementor-element-populated\">\n\t\t\t\t\t\t<div class=\"elementor-element elementor-element-3407ae8 elementor-widget elementor-widget-shortcode\" data-id=\"3407ae8\" data-element_type=\"widget\" data-widget_type=\"shortcode.default\">\n\t\t\t\t<div class=\"elementor-widget-container\">\n\t\t\t\t\t\t\t<div class=\"elementor-shortcode\"><nav aria-label=\"breadcrumbs\" class=\"rank-math-breadcrumb\"><p><span class=\"last\">Home<\/span><\/p><\/nav><\/div>\n\t\t\t\t\t\t<\/div>\n\t\t\t\t<\/div>\n\t\t\t\t\t<\/div>\n\t\t<\/div>\n\t\t\t\t\t<\/div>\n\t\t<\/section>\n\t\t\t\t<section class=\"elementor-section elementor-top-section elementor-element elementor-element-ac1c60d elementor-section-boxed elementor-section-height-default elementor-section-height-default\" data-id=\"ac1c60d\" data-element_type=\"section\">\n\t\t\t\t\t\t<div class=\"elementor-container elementor-column-gap-default\">\n\t\t\t\t\t<div class=\"elementor-column elementor-col-100 elementor-top-column elementor-element elementor-element-c5d7073\" data-id=\"c5d7073\" data-element_type=\"column\">\n\t\t\t<div class=\"elementor-widget-wrap elementor-element-populated\">\n\t\t\t\t\t\t<div class=\"elementor-element elementor-element-90b175d elementor-widget elementor-widget-text-editor\" data-id=\"90b175d\" data-element_type=\"widget\" data-widget_type=\"text-editor.default\">\n\t\t\t\t<div class=\"elementor-widget-container\">\n\t\t\t\t\t\t\t\t\t<h2>Pol\u00edtica de privacidad de Puimege Piping B.V.<\/h2>\n<p><strong>1) Garant\u00edas de privacidad<\/strong><\/p>\n<p>Salvaguardar la privacidad de los visitantes de https:\/\/casawillems.com es una tarea importante para nosotros. Por ello, en nuestra pol\u00edtica de privacidad describimos qu\u00e9 informaci\u00f3n recogemos y c\u00f3mo la utilizamos.<\/p>\n<p><strong>2) Consentimiento<\/strong><\/p>\n<p>Al utilizar la informaci\u00f3n y los servicios de https:\/\/casawillems.com, acepta nuestra pol\u00edtica de privacidad y los t\u00e9rminos y condiciones que hemos incluido en ella.<\/p>\n<p><strong>3) Preguntas<\/strong><\/p>\n<p>Si desea recibir m\u00e1s informaci\u00f3n o tiene alguna pregunta sobre la pol\u00edtica de privacidad de Puimege Piping B.V. y, en concreto, sobre https:\/\/casawillems.com, p\u00f3ngase en contacto con nosotros a trav\u00e9s del correo electr\u00f3nico. Nuestra direcci\u00f3n de correo electr\u00f3nico es info@casawillems.com.<\/p>\n<p><strong>4) Control del comportamiento de los visitantes<\/strong><\/p>\n<p>https:\/\/casawillems.com utiliza diversas t\u00e9cnicas para realizar un seguimiento de qui\u00e9n visita el sitio web, c\u00f3mo se comporta este visitante en el sitio web y qu\u00e9 p\u00e1ginas visita. Se trata de una forma de trabajar habitual en los sitios web, ya que proporciona informaci\u00f3n que contribuye a la calidad de la experiencia del usuario. La informaci\u00f3n que registramos a trav\u00e9s de las cookies incluye direcciones IP, tipo de navegador y p\u00e1ginas visitadas.<\/p>\n<p>Tambi\u00e9n controlamos d\u00f3nde visitan el sitio web por primera vez los visitantes y desde qu\u00e9 p\u00e1gina lo abandonan. Mantenemos esta informaci\u00f3n an\u00f3nima y no est\u00e1 vinculada a ninguna otra informaci\u00f3n personal.<\/p>\n<p><strong>5) Uso de cookies<\/strong><\/p>\n<p>https:\/\/casawillems.com coloca cookies en los visitantes. Hacemos esto para recopilar informaci\u00f3n sobre las p\u00e1ginas que los usuarios visitan en nuestro sitio web, para hacer un seguimiento de la frecuencia con la que los visitantes vuelven y para ver qu\u00e9 p\u00e1ginas est\u00e1n funcionando bien en el sitio web. Tambi\u00e9n rastreamos qu\u00e9 informaci\u00f3n comparte el navegador.<\/p>\n<p><strong>6) Deshabilitar las cookies<\/strong><\/p>\n<p>Puede optar por desactivar las cookies. Para ello, utilice las opciones de su navegador. Puedes encontrar m\u00e1s informaci\u00f3n sobre estas posibilidades en la p\u00e1gina web del proveedor de tu navegador.<\/p>\n<p><strong>7) Cookies de terceros<\/strong><\/p>\n<p>Es posible que terceros, como Google, se anuncien en nuestro sitio web o que nosotros utilicemos otro servicio. Con este fin, estos terceros colocan cookies en algunos casos. Estas cookies no pueden ser influenciadas por https:\/\/casawillems.com.<\/p>\t\t\t\t\t\t\t\t<\/div>\n\t\t\t\t<\/div>\n\t\t\t\t\t<\/div>\n\t\t<\/div>\n\t\t\t\t\t<\/div>\n\t\t<\/section>\n\t\t\t\t<\/div>\n\t\t","protected":false},"excerpt":{"rendered":"<p>Pol\u00edtica de privacidad Pol\u00edtica de privacidad de Puimege Piping B.V. 1) Garant\u00edas de privacidad Salvaguardar la privacidad de los visitantes de https:\/\/casawillems.com es una tarea importante para nosotros. Por ello, en nuestra pol\u00edtica de privacidad describimos qu\u00e9 informaci\u00f3n recogemos y c\u00f3mo la utilizamos. 2) Consentimiento Al utilizar la informaci\u00f3n y los servicios de https:\/\/casawillems.com, acepta [&hellip;]<\/p>\n","protected":false},"author":2,"featured_media":0,"parent":0,"menu_order":0,"comment_status":"closed","ping_status":"closed","template":"","meta":{"footnotes":""},"class_list":["post-843","page","type-page","status-publish","hentry"],"_links":{"self":[{"href":"https:\/\/casawillems.com\/es\/wp-json\/wp\/v2\/pages\/843","targetHints":{"allow":["GET"]}}],"collection":[{"href":"https:\/\/casawillems.com\/es\/wp-json\/wp\/v2\/pages"}],"about":[{"href":"https:\/\/casawillems.com\/es\/wp-json\/wp\/v2\/types\/page"}],"author":[{"embeddable":true,"href":"https:\/\/casawillems.com\/es\/wp-json\/wp\/v2\/users\/2"}],"replies":[{"embeddable":true,"href":"https:\/\/casawillems.com\/es\/wp-json\/wp\/v2\/comments?post=843"}],"version-history":[{"count":0,"href":"https:\/\/casawillems.com\/es\/wp-json\/wp\/v2\/pages\/843\/revisions"}],"wp:attachment":[{"href":"https:\/\/casawillems.com\/es\/wp-json\/wp\/v2\/media?parent=843"}],"curies":[{"name":"wp","href":"https:\/\/api.w.org\/{rel}","templated":true}]}}