{"id":841,"date":"2023-11-07T14:06:59","date_gmt":"2023-11-07T13:06:59","guid":{"rendered":"https:\/\/casawillems.com\/politica-de-cancelacion\/"},"modified":"2023-12-12T15:07:24","modified_gmt":"2023-12-12T14:07:24","slug":"politica-de-cancelacion","status":"publish","type":"page","link":"https:\/\/casawillems.com\/es\/politica-de-cancelacion\/","title":{"rendered":"Pol\u00edtica de cancelaci\u00f3n"},"content":{"rendered":"\t\t<div data-elementor-type=\"wp-page\" data-elementor-id=\"841\" class=\"elementor elementor-841 elementor-542\" data-elementor-post-type=\"page\">\n\t\t\t\t\t\t<section class=\"elementor-section elementor-top-section elementor-element elementor-element-7d9c827 elementor-section-height-min-height elementor-section-items-bottom elementor-section-boxed elementor-section-height-default\" data-id=\"7d9c827\" data-element_type=\"section\" data-settings=\"{&quot;background_background&quot;:&quot;classic&quot;}\">\n\t\t\t\t\t\t\t<div class=\"elementor-background-overlay\"><\/div>\n\t\t\t\t\t\t\t<div class=\"elementor-container elementor-column-gap-default\">\n\t\t\t\t\t<div class=\"elementor-column elementor-col-100 elementor-top-column elementor-element elementor-element-ab36f8b\" data-id=\"ab36f8b\" data-element_type=\"column\">\n\t\t\t<div class=\"elementor-widget-wrap elementor-element-populated\">\n\t\t\t\t\t\t<div class=\"elementor-element elementor-element-eac5687 elementor-widget elementor-widget-heading\" data-id=\"eac5687\" data-element_type=\"widget\" data-widget_type=\"heading.default\">\n\t\t\t\t<div class=\"elementor-widget-container\">\n\t\t\t\t\t<h2 class=\"elementor-heading-title elementor-size-default\">Pol\u00edtica de cancelaci\u00f3n<\/h2>\t\t\t\t<\/div>\n\t\t\t\t<\/div>\n\t\t\t\t\t<\/div>\n\t\t<\/div>\n\t\t\t\t\t<\/div>\n\t\t<\/section>\n\t\t\t\t<section class=\"elementor-section elementor-top-section elementor-element elementor-element-485128a elementor-section-boxed elementor-section-height-default elementor-section-height-default\" data-id=\"485128a\" data-element_type=\"section\">\n\t\t\t\t\t\t<div class=\"elementor-container elementor-column-gap-default\">\n\t\t\t\t\t<div class=\"elementor-column elementor-col-100 elementor-top-column elementor-element elementor-element-d9ebb0c\" data-id=\"d9ebb0c\" data-element_type=\"column\">\n\t\t\t<div class=\"elementor-widget-wrap elementor-element-populated\">\n\t\t\t\t\t\t<div class=\"elementor-element elementor-element-9a634c1 elementor-widget elementor-widget-shortcode\" data-id=\"9a634c1\" data-element_type=\"widget\" data-widget_type=\"shortcode.default\">\n\t\t\t\t<div class=\"elementor-widget-container\">\n\t\t\t\t\t\t\t<div class=\"elementor-shortcode\"><nav aria-label=\"breadcrumbs\" class=\"rank-math-breadcrumb\"><p><span class=\"last\">Home<\/span><\/p><\/nav><\/div>\n\t\t\t\t\t\t<\/div>\n\t\t\t\t<\/div>\n\t\t\t\t\t<\/div>\n\t\t<\/div>\n\t\t\t\t\t<\/div>\n\t\t<\/section>\n\t\t\t\t<section class=\"elementor-section elementor-top-section elementor-element elementor-element-73cb0dc elementor-section-boxed elementor-section-height-default elementor-section-height-default\" data-id=\"73cb0dc\" data-element_type=\"section\">\n\t\t\t\t\t\t<div class=\"elementor-container elementor-column-gap-default\">\n\t\t\t\t\t<div class=\"elementor-column elementor-col-100 elementor-top-column elementor-element elementor-element-b909a18\" data-id=\"b909a18\" data-element_type=\"column\">\n\t\t\t<div class=\"elementor-widget-wrap elementor-element-populated\">\n\t\t\t\t\t\t<div class=\"elementor-element elementor-element-c177a61 elementor-widget elementor-widget-heading\" data-id=\"c177a61\" data-element_type=\"widget\" data-widget_type=\"heading.default\">\n\t\t\t\t<div class=\"elementor-widget-container\">\n\t\t\t\t\t<h2 class=\"elementor-heading-title elementor-size-default\">Cancelaci\u00f3n<\/h2>\t\t\t\t<\/div>\n\t\t\t\t<\/div>\n\t\t\t\t<div class=\"elementor-element elementor-element-793f380 elementor-widget elementor-widget-text-editor\" data-id=\"793f380\" data-element_type=\"widget\" data-widget_type=\"text-editor.default\">\n\t\t\t\t<div class=\"elementor-widget-container\">\n\t\t\t\t\t\t\t\t\t<p>Las cancelaciones deben comunicarse por correo electr\u00f3nico. <br \/>Inmediatamente despu\u00e9s de recibir la cancelaci\u00f3n por escrito, le enviaremos una confirmaci\u00f3n de su cancelaci\u00f3n.<\/p>\n<p>Las siguientes condiciones se aplican a las cancelaciones:<\/p>\n<ul>\n<li>En caso de cancelaci\u00f3n desde el d\u00eda de la reserva hasta 42 d\u00edas antes del d\u00eda de llegada, deber\u00e1 abonar el 20% del importe de la factura.<\/li>\n<li>Si se cancela a partir del d\u00eda 42 y hasta el d\u00eda de llegada, se deber\u00e1 abonar el importe total de la factura.<\/li>\n<\/ul>\n<p>Si nos vemos obligados a cancelar nuestro piso, debido a cualquier circunstancia, el inquilino ser\u00e1 notificado inmediatamente, y le devolveremos inmediatamente la cantidad ya pagada por el inquilino. El inquilino no tendr\u00e1 m\u00e1s ni otro derecho que el de reclamar esta cantidad.<\/p>\n<p>Le recomendamos encarecidamente que viaje bien asegurado. Un buen seguro de viaje, equipaje, accidentes y salud le proteger\u00e1 de las consecuencias econ\u00f3micas de accidentes o enfermedades. <br \/>Obtenga informaci\u00f3n adecuada al respecto de su agente de seguros.<\/p>\n<p><strong>Cambios por parte del inquilino<\/strong><\/p>\n<p>Si desea modificar una reserva ya efectuada, deber\u00e1 informarnos inmediatamente. Le confirmaremos este cambio (es decir, el cambio del per\u00edodo de alquiler) por escrito, si a\u00fan es posible. Los costes asociados son siempre de 30 euros. Los cambios en el periodo de alquiler se consideran traslados.<\/p>\n<p><strong>Exceso de reservas por parte del inquilino<\/strong><\/p>\n<p>Es posible cambiar el periodo de alquiler hasta 6 semanas antes del comienzo del mismo.<br \/>La modificaci\u00f3n del per\u00edodo de alquiler s\u00f3lo es posible dentro de los 2 meses naturales siguientes al per\u00edodo de alquiler reservado y s\u00f3lo si hay disponibilidad. Si desea cambiar la reserva m\u00e1s tarde del periodo mencionado de 6 semanas antes del comienzo del periodo de alquiler o a un periodo situado fuera de los 2 meses naturales del periodo de alquiler ya reservado, esto se considerar\u00e1 como una cancelaci\u00f3n y una nueva reserva y las condiciones de cancelaci\u00f3n permanecer\u00e1n en pleno vigor (v\u00e9ase el punto 6). Los costes por cambiar el periodo de alquiler son de 75 euros, que se a\u00f1adir\u00e1n al precio del alquiler.<\/p>\n\t\t\t\t\t\t\t\t<\/div>\n\t\t\t\t<\/div>\n\t\t\t\t\t<\/div>\n\t\t<\/div>\n\t\t\t\t\t<\/div>\n\t\t<\/section>\n\t\t\t\t<\/div>\n\t\t","protected":false},"excerpt":{"rendered":"<p>Pol\u00edtica de cancelaci\u00f3n Cancelaci\u00f3n Las cancelaciones deben comunicarse por correo electr\u00f3nico. Inmediatamente despu\u00e9s de recibir la cancelaci\u00f3n por escrito, le enviaremos una confirmaci\u00f3n de su cancelaci\u00f3n. Las siguientes condiciones se aplican a las cancelaciones: En caso de cancelaci\u00f3n desde el d\u00eda de la reserva hasta 42 d\u00edas antes del d\u00eda de llegada, deber\u00e1 abonar el [&hellip;]<\/p>\n","protected":false},"author":2,"featured_media":0,"parent":0,"menu_order":0,"comment_status":"closed","ping_status":"closed","template":"","meta":{"footnotes":""},"class_list":["post-841","page","type-page","status-publish","hentry"],"_links":{"self":[{"href":"https:\/\/casawillems.com\/es\/wp-json\/wp\/v2\/pages\/841","targetHints":{"allow":["GET"]}}],"collection":[{"href":"https:\/\/casawillems.com\/es\/wp-json\/wp\/v2\/pages"}],"about":[{"href":"https:\/\/casawillems.com\/es\/wp-json\/wp\/v2\/types\/page"}],"author":[{"embeddable":true,"href":"https:\/\/casawillems.com\/es\/wp-json\/wp\/v2\/users\/2"}],"replies":[{"embeddable":true,"href":"https:\/\/casawillems.com\/es\/wp-json\/wp\/v2\/comments?post=841"}],"version-history":[{"count":0,"href":"https:\/\/casawillems.com\/es\/wp-json\/wp\/v2\/pages\/841\/revisions"}],"wp:attachment":[{"href":"https:\/\/casawillems.com\/es\/wp-json\/wp\/v2\/media?parent=841"}],"curies":[{"name":"wp","href":"https:\/\/api.w.org\/{rel}","templated":true}]}}